{"id":554,"date":"2024-06-20T10:09:28","date_gmt":"2024-06-20T10:09:28","guid":{"rendered":"https:\/\/jcs-charting.com\/?page_id=554"},"modified":"2024-06-20T12:40:41","modified_gmt":"2024-06-20T12:40:41","slug":"disclaimer","status":"publish","type":"page","link":"https:\/\/jcs-charting.com\/de\/disclaimer\/","title":{"rendered":"Disclaimer"},"content":{"rendered":"<div data-elementor-type=\"wp-page\" data-elementor-id=\"554\" class=\"elementor elementor-554\" data-elementor-post-type=\"page\">\n\t\t\t\t\t\t<section class=\"elementor-section elementor-top-section elementor-element elementor-element-1a2d291 elementor-section-boxed elementor-section-height-default elementor-section-height-default\" data-id=\"1a2d291\" data-element_type=\"section\" data-e-type=\"section\">\n\t\t\t\t\t\t<div class=\"elementor-container elementor-column-gap-default\">\n\t\t\t\t\t<div class=\"elementor-column elementor-col-100 elementor-top-column elementor-element elementor-element-d9d971d\" data-id=\"d9d971d\" data-element_type=\"column\" data-e-type=\"column\">\n\t\t\t<div class=\"elementor-widget-wrap elementor-element-populated\">\n\t\t\t\t\t\t<div class=\"elementor-element elementor-element-9e54a8b elementor-widget elementor-widget-heading\" data-id=\"9e54a8b\" data-element_type=\"widget\" data-e-type=\"widget\" data-widget_type=\"heading.default\">\n\t\t\t\t<div class=\"elementor-widget-container\">\n\t\t\t\t\t<h1 class=\"elementor-heading-title elementor-size-default\">Disclaimer<\/h1>\t\t\t\t<\/div>\n\t\t\t\t<\/div>\n\t\t\t\t<div class=\"elementor-element elementor-element-76627c6 elementor-widget elementor-widget-text-editor\" data-id=\"76627c6\" data-element_type=\"widget\" data-e-type=\"widget\" data-widget_type=\"text-editor.default\">\n\t\t\t\t<div class=\"elementor-widget-container\">\n\t\t\t\t\t\t\t\t\t<p>The content, notes, and information in this channel do not constitute investment advice or a recommendation to trade securities or financial instruments. It is for informational and educational purposes only. The content is not a solicitation to buy or sell any securities or derivatives. They also do not represent a binding contract offer or anything similar. Financial products involve a high level of risk and can lead to a total loss. You always act at your own risk with such investments. The forecasts are based on values from the past and are therefore not a reliable indicator of positive future performance. The publisher of this group assumes no liability for any loss that may arise based on the information available here. Only his assessments and opinions, which are based on freely accessible information, are reproduced here. Investment advice in relation to the purchase or sale of a financial instrument can be obtained from a bank adviser.<\/p><p>HAFTUNGSAUSSCHLUSS\/RISIKOHINWEIS<\/p><p>Die Inhalte, Hinweise sowie Informationen dieses Kanals stellen keinerlei Anlageberatung oder Empfehlung zum Handel von Wertpapieren oder Finanzinstrumenten dar. Es dient ausschlie\u00dflich zu Informations- und Lehrzwecken. Die Inhalte sind keine Aufforderung zum Kauf oder Verkauf von Wertpapieren oder Derivaten. Sie stellen auch kein verpflichtendes Vertragsangebot oder \u00c4hnliches dar. Finanzprodukte sind mit einem hohen Risiko behaftet und k\u00f6nnen zum Totalverlust f\u00fchren. Sie handeln bei solchen Investments stets auf eigenes Risiko. Die Prognosen basieren auf Werten aus der Vergangenheit und sind somit kein verl\u00e4sslicher Indikator f\u00fcr eine positive Wertentwicklung in der Zukunft. Der Herausgeber dieses Kanals \u00fcbernimmt keinerlei Haftung f\u00fcr Verluste, die auf Basis der hier verf\u00fcgbaren Informationen entstehen k\u00f6nnten. Es werden hier lediglich seine Einsch\u00e4tzungen und Meinungen wiedergegeben, die auf frei zug\u00e4nglichen Informationen basieren. Eine Anlageberatung in Bezug auf den Kauf oder Verkauf eines Finanzinstruments kann von einem Bankberater eingeholt werden.<\/p>\t\t\t\t\t\t\t\t<\/div>\n\t\t\t\t<\/div>\n\t\t\t\t\t<\/div>\n\t\t<\/div>\n\t\t\t\t\t<\/div>\n\t\t<\/section>\n\t\t\t\t<\/div>","protected":false},"excerpt":{"rendered":"<p>Disclaimer The content, notes, and information in this channel do not constitute investment advice or a recommendation to trade securities [&hellip;]<\/p>\n","protected":false},"author":1,"featured_media":0,"parent":0,"menu_order":0,"comment_status":"closed","ping_status":"closed","template":"","meta":{"site-sidebar-layout":"no-sidebar","site-content-layout":"","ast-site-content-layout":"full-width-container","site-content-style":"default","site-sidebar-style":"default","ast-global-header-display":"","ast-banner-title-visibility":"","ast-main-header-display":"","ast-hfb-above-header-display":"","ast-hfb-below-header-display":"","ast-hfb-mobile-header-display":"","site-post-title":"disabled","ast-breadcrumbs-content":"","ast-featured-img":"disabled","footer-sml-layout":"","ast-disable-related-posts":"","theme-transparent-header-meta":"","adv-header-id-meta":"","stick-header-meta":"","header-above-stick-meta":"","header-main-stick-meta":"","header-below-stick-meta":"","astra-migrate-meta-layouts":"default","ast-page-background-enabled":"default","ast-page-background-meta":{"desktop":{"background-color":"var(--ast-global-color-4)","background-image":"","background-repeat":"repeat","background-position":"center center","background-size":"auto","background-attachment":"scroll","background-type":"","background-media":"","overlay-type":"","overlay-color":"","overlay-opacity":"","overlay-gradient":""},"tablet":{"background-color":"","background-image":"","background-repeat":"repeat","background-position":"center center","background-size":"auto","background-attachment":"scroll","background-type":"","background-media":"","overlay-type":"","overlay-color":"","overlay-opacity":"","overlay-gradient":""},"mobile":{"background-color":"","background-image":"","background-repeat":"repeat","background-position":"center center","background-size":"auto","background-attachment":"scroll","background-type":"","background-media":"","overlay-type":"","overlay-color":"","overlay-opacity":"","overlay-gradient":""}},"ast-content-background-meta":{"desktop":{"background-color":"var(--ast-global-color-5)","background-image":"","background-repeat":"repeat","background-position":"center center","background-size":"auto","background-attachment":"scroll","background-type":"","background-media":"","overlay-type":"","overlay-color":"","overlay-opacity":"","overlay-gradient":""},"tablet":{"background-color":"var(--ast-global-color-5)","background-image":"","background-repeat":"repeat","background-position":"center center","background-size":"auto","background-attachment":"scroll","background-type":"","background-media":"","overlay-type":"","overlay-color":"","overlay-opacity":"","overlay-gradient":""},"mobile":{"background-color":"var(--ast-global-color-5)","background-image":"","background-repeat":"repeat","background-position":"center center","background-size":"auto","background-attachment":"scroll","background-type":"","background-media":"","overlay-type":"","overlay-color":"","overlay-opacity":"","overlay-gradient":""}},"footnotes":""},"class_list":["post-554","page","type-page","status-publish","hentry"],"_links":{"self":[{"href":"https:\/\/jcs-charting.com\/de\/wp-json\/wp\/v2\/pages\/554","targetHints":{"allow":["GET"]}}],"collection":[{"href":"https:\/\/jcs-charting.com\/de\/wp-json\/wp\/v2\/pages"}],"about":[{"href":"https:\/\/jcs-charting.com\/de\/wp-json\/wp\/v2\/types\/page"}],"author":[{"embeddable":true,"href":"https:\/\/jcs-charting.com\/de\/wp-json\/wp\/v2\/users\/1"}],"replies":[{"embeddable":true,"href":"https:\/\/jcs-charting.com\/de\/wp-json\/wp\/v2\/comments?post=554"}],"version-history":[{"count":0,"href":"https:\/\/jcs-charting.com\/de\/wp-json\/wp\/v2\/pages\/554\/revisions"}],"wp:attachment":[{"href":"https:\/\/jcs-charting.com\/de\/wp-json\/wp\/v2\/media?parent=554"}],"curies":[{"name":"wp","href":"https:\/\/api.w.org\/{rel}","templated":true}]}}